{"id":1142,"date":"2026-03-12T12:16:12","date_gmt":"2026-03-12T15:16:12","guid":{"rendered":"https:\/\/raiocheers.com.br\/?page_id=1142"},"modified":"2026-03-12T12:22:13","modified_gmt":"2026-03-12T15:22:13","slug":"raiocheers","status":"publish","type":"page","link":"https:\/\/raiocheers.com.br\/","title":{"rendered":"Raio Cheers &#8211; Bem Vindo!"},"content":{"rendered":"\t\t<div data-elementor-type=\"wp-page\" data-elementor-id=\"1142\" class=\"elementor elementor-1142\" data-elementor-post-type=\"page\">\n\t\t\t\t<div class=\"elementor-element elementor-element-5df1f71 e-flex e-con-boxed e-con e-parent\" data-id=\"5df1f71\" data-element_type=\"container\" data-e-type=\"container\">\n\t\t\t\t\t<div class=\"e-con-inner\">\n\t\t\t\t<div class=\"elementor-element elementor-element-8475aef elementor-widget elementor-widget-html\" data-id=\"8475aef\" data-element_type=\"widget\" data-e-type=\"widget\" data-widget_type=\"html.default\">\n\t\t\t\t\t<!DOCTYPE html>\r\n<html lang=\"pt-BR\">\r\n<head>\r\n    <meta charset=\"UTF-8\">\r\n    <meta name=\"viewport\" content=\"width=device-width, initial-scale=1.0\">\r\n    <title>Raio Cheers - Guia de Instru\u00e7\u00f5es<\/title>\r\n    <link rel=\"preconnect\" href=\"https:\/\/fonts.googleapis.com\">\r\n    <link rel=\"preconnect\" href=\"https:\/\/fonts.gstatic.com\" crossorigin>\r\n    <link href=\"https:\/\/fonts.googleapis.com\/css2?family=Outfit:wght@300;400;600;800&family=Inter:wght@300;400;500;700&display=swap\" rel=\"stylesheet\">\r\n    <style>\r\n        :root {\r\n            --primary: #facc15;\r\n            --primary-dark: #eab308;\r\n            --bg-dark: #111827;\r\n            --bg-card: #1f2937;\r\n            --text-main: #f3f4f6;\r\n            --text-muted: #9ca3af;\r\n            --glass: rgba(255, 255, 255, 0.05);\r\n            --border: rgba(255, 255, 255, 0.1);\r\n        }\r\n\r\n        * {\r\n            margin: 0;\r\n            padding: 0;\r\n            box-sizing: border-box;\r\n        }\r\n\r\n        body {\r\n            font-family: 'Inter', sans-serif;\r\n            background-color: var(--bg-dark);\r\n            color: var(--text-main);\r\n            line-height: 1.6;\r\n            overflow-x: hidden;\r\n        }\r\n\r\n        h1, h2, h3 {\r\n            font-family: 'Outfit', sans-serif;\r\n            font-weight: 800;\r\n        }\r\n\r\n        .container {\r\n            max-width: 900px;\r\n            margin: 0 auto;\r\n            padding: 2rem;\r\n        }\r\n\r\n        header {\r\n            text-align: center;\r\n            padding: 4rem 1rem;\r\n            position: relative;\r\n        }\r\n\r\n        .logo-container {\r\n            margin-bottom: 1.5rem;\r\n        }\r\n\r\n        .logo-container img {\r\n            max-width: 200px;\r\n            height: auto;\r\n        }\r\n\r\n        header h1 {\r\n            font-size: 3rem;\r\n            color: var(--primary);\r\n            margin-bottom: 0.5rem;\r\n            letter-spacing: -0.02em;\r\n        }\r\n\r\n        header p {\r\n            font-size: 1.25rem;\r\n            color: var(--text-muted);\r\n            font-weight: 300;\r\n        }\r\n\r\n        section {\r\n            margin-bottom: 5rem;\r\n        }\r\n\r\n        .section-title {\r\n            font-size: 2rem;\r\n            margin-bottom: 2rem;\r\n            display: flex;\r\n            align-items: center;\r\n            gap: 1rem;\r\n        }\r\n\r\n        .section-title::after {\r\n            content: '';\r\n            flex-grow: 1;\r\n            height: 1px;\r\n            background: linear-gradient(to right, var(--primary), transparent);\r\n        }\r\n\r\n        \/* Funcionalidades Grid *\/\r\n        .features-grid {\r\n            display: grid;\r\n            grid-template-columns: repeat(auto-fit, minmax(280px, 1fr));\r\n            gap: 1.5rem;\r\n        }\r\n\r\n        .feature-card {\r\n            background-color: var(--bg-card);\r\n            border: 1px solid var(--border);\r\n            padding: 2rem;\r\n            border-radius: 1.5rem;\r\n            transition: transform 0.3s ease, border-color 0.3s ease;\r\n        }\r\n\r\n        .feature-card:hover {\r\n            transform: translateY(-5px);\r\n            border-color: var(--primary);\r\n        }\r\n\r\n        .feature-card svg {\r\n            color: var(--primary);\r\n            width: 40px;\r\n            height: 40px;\r\n            margin-bottom: 1.5rem;\r\n        }\r\n\r\n        .feature-card h3 {\r\n            font-size: 1.5rem;\r\n            margin-bottom: 1rem;\r\n            color: var(--text-main);\r\n        }\r\n\r\n        .feature-card p {\r\n            color: var(--text-muted);\r\n            font-size: 0.95rem;\r\n        }\r\n\r\n        \/* Guia de Instala\u00e7\u00e3o *\/\r\n        .install-tabs {\r\n            display: flex;\r\n            flex-direction: column;\r\n            gap: 2rem;\r\n        }\r\n\r\n        .install-box {\r\n            background: var(--glass);\r\n            backdrop-filter: blur(10px);\r\n            border: 1px solid var(--border);\r\n            border-radius: 1.5rem;\r\n            padding: 2.5rem;\r\n        }\r\n\r\n        .install-box h3 {\r\n            display: flex;\r\n            align-items: center;\r\n            gap: 0.75rem;\r\n            margin-bottom: 1.5rem;\r\n            font-size: 1.5rem;\r\n            color: var(--primary);\r\n        }\r\n\r\n        .install-box ol {\r\n            padding-left: 1.5rem;\r\n        }\r\n\r\n        .install-box li {\r\n            margin-bottom: 1rem;\r\n            font-size: 1.05rem;\r\n        }\r\n\r\n        .install-box strong {\r\n            color: var(--primary);\r\n        }\r\n\r\n        \/* Highlight box *\/\r\n        .cta-box {\r\n            text-align: center;\r\n            background: linear-gradient(135deg, var(--primary), #f59e0b);\r\n            color: var(--bg-dark);\r\n            padding: 3rem;\r\n            border-radius: 2rem;\r\n            margin-top: 4rem;\r\n        }\r\n\r\n        .cta-box h2 {\r\n            margin-bottom: 1rem;\r\n            font-size: 2.5rem;\r\n        }\r\n\r\n        .cta-box p {\r\n            font-weight: 500;\r\n            margin-bottom: 2rem;\r\n        }\r\n\r\n        .btn-access {\r\n            display: inline-block;\r\n            background: var(--bg-dark);\r\n            color: var(--primary);\r\n            padding: 1rem 2.5rem;\r\n            border-radius: 9999px;\r\n            text-decoration: none;\r\n            font-weight: 700;\r\n            font-size: 1.1rem;\r\n            transition: transform 0.2s ease, box-shadow 0.2s ease;\r\n        }\r\n\r\n        .btn-access:hover {\r\n            transform: scale(1.05);\r\n            box-shadow: 0 10px 15px -3px rgba(0, 0, 0, 0.3);\r\n        }\r\n\r\n        footer {\r\n            text-align: center;\r\n            padding: 4rem 1rem;\r\n            color: var(--text-muted);\r\n            font-size: 0.875rem;\r\n            border-top: 1px solid var(--border);\r\n        }\r\n\r\n        \/* Mobile specific adjustments *\/\r\n        @media (max-width: 640px) {\r\n            header h1 { font-size: 2.25rem; }\r\n            .section-title { font-size: 1.5rem; }\r\n            .container { padding: 1rem; }\r\n            .install-box { padding: 1.5rem; }\r\n        }\r\n\r\n        \/* Animations *\/\r\n        @keyframes fadeIn {\r\n            from { opacity: 0; transform: translateY(20px); }\r\n            to { opacity: 1; transform: translateY(0); }\r\n        }\r\n\r\n        .animate-fade {\r\n            animation: fadeIn 0.8s ease forwards;\r\n        }\r\n\r\n        .delay-1 { animation-delay: 0.2s; }\r\n        .delay-2 { animation-delay: 0.4s; }\r\n    <\/style>\r\n<\/head>\r\n<body>\r\n\r\n    <div class=\"container\">\r\n        <header class=\"animate-fade\">\r\n            <div class=\"logo-container\">\r\n                <img decoding=\"async\" src=\"logo.png\" alt=\"Raio Cheers Logo\" onerror=\"this.src='https:\/\/raiocheers.com.br\/app\/logo.png'\">\r\n            <\/div>\r\n            <h1>Raio Cheers<\/h1>\r\n            <p>Seu guia definitivo no universo das cervejas artesanais.<\/p>\r\n        <\/header>\r\n\r\n        <section id=\"funcionalidades\" class=\"animate-fade delay-1\">\r\n            <h2 class=\"section-title\">O que o App oferece?<\/h2>\r\n            <div class=\"features-grid\">\r\n                <!-- An\u00e1lise -->\r\n                <div class=\"feature-card\">\r\n                    <svg xmlns=\"http:\/\/www.w3.org\/2000\/svg\" fill=\"none\" viewBox=\"0 0 24 24\" stroke=\"currentColor\">\r\n                        <path stroke-linecap=\"round\" stroke-linejoin=\"round\" stroke-width=\"2\" d=\"M11 3.055A9.001 9.001 0 1020.945 13H11V3.055z\" \/>\r\n                        <path stroke-linecap=\"round\" stroke-linejoin=\"round\" stroke-width=\"2\" d=\"M20.488 9H15V3.512A9.025 9.025 0 0120.488 9z\" \/>\r\n                    <\/svg>\r\n                    <h3>An\u00e1lise Raio Cheers<\/h3>\r\n                    <p>Avalie suas cervejas com precis\u00e3o t\u00e9cnica. Nosso algoritmo gera um \"gr\u00e1fico de radar\" visual que mostra o equil\u00edbrio entre malte, l\u00fapulo, corpo e refresc\u00e2ncia.<\/p>\r\n                <\/div>\r\n\r\n                <!-- Estilos -->\r\n                <div class=\"feature-card\">\r\n                    <svg xmlns=\"http:\/\/www.w3.org\/2000\/svg\" fill=\"none\" viewBox=\"0 0 24 24\" stroke=\"currentColor\">\r\n                        <path stroke-linecap=\"round\" stroke-linejoin=\"round\" stroke-width=\"2\" d=\"M12 6.253v13m0-13C10.832 5.477 9.246 5 7.5 5S4.168 5.477 3 6.253v13C4.168 18.477 5.754 18 7.5 18s3.332.477 4.5 1.253m0-13C13.168 5.477 14.754 5 16.5 5c1.747 0 3.332.477 4.5 1.253v13C19.832 18.477 18.247 18 16.5 18c-1.746 0-3.332.477-4.5 1.253\" \/>\r\n                    <\/svg>\r\n                    <h3>Enciclop\u00e9dia de Estilos<\/h3>\r\n                    <p>Explore centenas de estilos de cerveja com descri\u00e7\u00f5es detalhadas, par\u00e2metros t\u00e9cnicos (IBU, ABV, SRM) e v\u00eddeos explicativos.<\/p>\r\n                <\/div>\r\n\r\n                <!-- Passaporte -->\r\n                <div class=\"feature-card\">\r\n                    <svg xmlns=\"http:\/\/www.w3.org\/2000\/svg\" fill=\"none\" viewBox=\"0 0 24 24\" stroke=\"currentColor\">\r\n                        <path stroke-linecap=\"round\" stroke-linejoin=\"round\" stroke-width=\"2\" d=\"M9 12l2 2 4-4m5.618-4.016A11.955 11.955 0 0112 2.944a11.955 11.955 0 01-8.618 3.04A12.02 12.02 0 003 9c0 5.591 3.824 10.29 9 11.622 5.176-1.332 9-6.03 9-11.622 0-1.042-.133-2.052-.382-3.016z\" \/>\r\n                    <\/svg>\r\n                    <h3>Passaporte e Selos<\/h3>\r\n                    <p>Ganhe selos exclusivos ao experimentar novos estilos ou visitar estabelecimentos parceiros. Colecione conquistas e suba de n\u00edvel!<\/p>\r\n                <\/div>\r\n\r\n                <!-- Mapa -->\r\n                <div class=\"feature-card\">\r\n                    <svg xmlns=\"http:\/\/www.w3.org\/2000\/svg\" fill=\"none\" viewBox=\"0 0 24 24\" stroke=\"currentColor\">\r\n                        <path stroke-linecap=\"round\" stroke-linejoin=\"round\" stroke-width=\"2\" d=\"M17.657 16.657L13.414 20.9a1.998 1.998 0 01-2.827 0l-4.244-4.243a8 8 0 1111.314 0z\" \/>\r\n                        <path stroke-linecap=\"round\" stroke-linejoin=\"round\" stroke-width=\"2\" d=\"M15 11a3 3 0 11-6 0 3 3 0 016 0z\" \/>\r\n                    <\/svg>\r\n                    <h3>Mapa e Eventos<\/h3>\r\n                    <p>Encontre os melhores bares, cervejarias e eventos de cerveja artesanal perto de voc\u00ea. Saiba o que est\u00e1 acontecendo na cena local.<\/p>\r\n                <\/div>\r\n\r\n                <!-- Loja -->\r\n                <div class=\"feature-card\">\r\n                    <svg xmlns=\"http:\/\/www.w3.org\/2000\/svg\" fill=\"none\" viewBox=\"0 0 24 24\" stroke=\"currentColor\">\r\n                        <path stroke-linecap=\"round\" stroke-linejoin=\"round\" stroke-width=\"2\" d=\"M16 11V7a4 4 0 00-8 0v4M5 9h14l1 12H4L5 9z\" \/>\r\n                    <\/svg>\r\n                    <h3>Loja Cheers<\/h3>\r\n                    <p>Adquira produtos exclusivos da marca, como copos tem\u00e1ticos, cursos, workshops e itens para amantes da cultura cervejeira.<\/p>\r\n                <\/div>\r\n\r\n                <!-- Outros -->\r\n                <div class=\"feature-card\">\r\n                    <svg xmlns=\"http:\/\/www.w3.org\/2000\/svg\" fill=\"none\" viewBox=\"0 0 24 24\" stroke=\"currentColor\">\r\n                        <path stroke-linecap=\"round\" stroke-linejoin=\"round\" stroke-width=\"2\" d=\"M13 10V3L4 14h7v7l9-11h-7z\" \/>\r\n                    <\/svg>\r\n                    <h3>Social e Ranking<\/h3>\r\n                    <p>Veja as an\u00e1lises de seus amigos no feed social e compita no ranking para ver quem \u00e9 o maior conhecedor de cervejas da comunidade.<\/p>\r\n                <\/div>\r\n            <\/div>\r\n        <\/section>\r\n\r\n        <section id=\"instalacao\" class=\"animate-fade delay-2\">\r\n            <h2 class=\"section-title\">Como Instalar<\/h2>\r\n            <div class=\"install-tabs\">\r\n                <!-- Android -->\r\n                <div class=\"install-box\">\r\n                    <h3>\r\n                        <svg width=\"24\" height=\"24\" viewBox=\"0 0 24 24\" fill=\"currentColor\"><path d=\"M17.5 12c-.83 0-1.5-.67-1.5-1.5S16.67 9 17.5 9s1.5.67 1.5 1.5-.67 1.5-1.5 1.5m-11 0c-.83 0-1.5-.67-1.5-1.5S5.67 9 6.5 9 8 9.67 8 10.5 7.33 12 6.5 12m11.41-5.28l1.45-2.52c.11-.19.05-.43-.14-.54s-.43-.05-.54.14l-1.47 2.55C15.96 5.5 14.05 5 12 5c-2.05 0-3.96.5-5.31 1.35L5.22 3.8c-.11-.19-.36-.26-.54-.14s-.26.36-.14.54l1.45 2.52C3.39 8.24 2 10.96 2 14h20c0-3.04-1.39-5.76-3.99-7.28z\"\/><\/svg>\r\n                        Android (Chrome)\r\n                    <\/h3>\r\n                    <ol>\r\n                        <li>Acesse o site <a href=\"https:\/\/raiocheers.com.br\" style=\"color:var(--primary)\">raiocheers.com.br<\/a>.<\/li>\r\n                        <li>Clique no bot\u00e3o amarelo <strong>\"Instalar App\"<\/strong> que aparecer\u00e1 na tela inicial.<\/li>\r\n                        <li>Se o bot\u00e3o n\u00e3o aparecer, toque nos <strong>tr\u00eas pontinhos<\/strong> (menu) do Chrome e selecione <strong>\"Instalar aplicativo\"<\/strong> ou \"Adicionar \u00e0 tela de in\u00edcio\".<\/li>\r\n                    <\/ol>\r\n                <\/div>\r\n\r\n                <!-- iOS -->\r\n                <div class=\"install-box\">\r\n                    <h3>\r\n                        <svg width=\"24\" height=\"24\" viewBox=\"0 0 24 24\" fill=\"currentColor\"><path d=\"M18.71 19.5c-.83 1.24-1.71 2.45-3.1 2.48-1.34.03-1.77-.79-3.29-.79-1.53 0-2 .76-3.27.82-1.31.05-2.3-1.32-3.14-2.53C4.25 17 2.94 12.45 4.7 9.39c.87-1.52 2.43-2.48 4.12-2.51 1.28-.02 2.5.87 3.29.87.78 0 2.26-1.07 3.81-.91.65.03 2.47.26 3.64 1.98-.09.06-2.17 1.28-2.15 3.81.03 3.02 2.65 4.03 2.68 4.04-.03.07-.42 1.44-1.38 2.83M13 3.5c.73-.83 1.23-1.93 1.09-3.04-1.04.05-2.3 1.21-3.04 2.14-.66.8-1.24 1.84-1.1 3.04 1.16.03 2.4-.99 3.05-2.14z\"\/><\/svg>\r\n                        iPhone \/ iOS (Safari)\r\n                    <\/h3>\r\n                    <ol>\r\n                        <li>Abra o Safari e acesse <a href=\"https:\/\/raiocheers.com.br\" style=\"color:var(--primary)\">raiocheers.com.br<\/a>.<\/li>\r\n                        <li>Toque no \u00edcone de <strong>Compartilhamento<\/strong> (o quadrado com uma seta para cima na barra inferior).<\/li>\r\n                        <li>Role as op\u00e7\u00f5es para baixo e toque em <strong>\"Adicionar \u00e0 Tela de In\u00edcio\"<\/strong>.<\/li>\r\n                        <li>Confirme tocando em \"Adicionar\" no topo da tela.<\/li>\r\n                    <\/ol>\r\n                <\/div>\r\n\r\n                <!-- Desktop -->\r\n                <div class=\"install-box\">\r\n                    <h3>\r\n                        <svg width=\"24\" height=\"24\" viewBox=\"0 0 24 24\" fill=\"currentColor\"><path d=\"M20 18c1.1 0 1.99-.9 1.99-2L22 6c0-1.1-.9-2-2-2H4c-1.1 0-2 .9-2 2v10c0 1.1.9 2 2 2H0v2h24v-2h-4zM4 6h16v10H4V6z\"\/><\/svg>\r\n                        Computador (Desktop)\r\n                    <\/h3>\r\n                    <p>O Raio Cheers foi otimizado para celulares. Para uma melhor experi\u00eancia, use o seu smartphone. No computador, voc\u00ea ver\u00e1 um <strong>QR Code<\/strong> que pode ser escaneado com a c\u00e2mera do celular para abrir o app instantaneamente.<\/p>\r\n                <\/div>\r\n            <\/div>\r\n        <\/section>\r\n\r\n        <section class=\"animate-fade\">\r\n            <div class=\"cta-box\">\r\n                <h2>Pronto para brindar?<\/h2>\r\n                <p>Acesse agora e comece a colecionar seus momentos cervejeiros.<\/p>\r\n                <a href=\"https:\/\/raiocheers.com.br\/app\/\" class=\"btn-access\">Acessar o App<\/a>\r\n            <\/div>\r\n        <\/section>\r\n\r\n        <footer>\r\n            <p>&copy; 2026 Raio Cheers. Todos os direitos reservados.<\/p>\r\n            <p style=\"margin-top: 0.5rem\">Feito para quem ama cerveja artesanal.<\/p>\r\n        <\/footer>\r\n    <\/div>\r\n\r\n<\/body>\r\n<\/html>\t\t\t\t<\/div>\n\t\t\t\t\t<\/div>\n\t\t\t\t<\/div>\n\t\t\t\t<\/div>\n\t\t","protected":false},"excerpt":{"rendered":"<p>Raio Cheers &#8211; Guia de Instru\u00e7\u00f5es Raio Cheers Seu guia definitivo no universo das cervejas artesanais. O que o App oferece? An\u00e1lise Raio Cheers Avalie suas cervejas com precis\u00e3o t\u00e9cnica. Nosso algoritmo gera um &#8220;gr\u00e1fico de radar&#8221; visual que mostra o equil\u00edbrio entre malte, l\u00fapulo, corpo e refresc\u00e2ncia. Enciclop\u00e9dia de Estilos Explore centenas de estilos [&hellip;]<\/p>\n","protected":false},"author":1,"featured_media":0,"parent":0,"menu_order":0,"comment_status":"closed","ping_status":"closed","template":"elementor_canvas","meta":{"_acf_changed":false,"footnotes":""},"class_list":["post-1142","page","type-page","status-publish","hentry"],"acf":[],"jetpack_sharing_enabled":true,"_links":{"self":[{"href":"https:\/\/raiocheers.com.br\/index.php\/wp-json\/wp\/v2\/pages\/1142","targetHints":{"allow":["GET"]}}],"collection":[{"href":"https:\/\/raiocheers.com.br\/index.php\/wp-json\/wp\/v2\/pages"}],"about":[{"href":"https:\/\/raiocheers.com.br\/index.php\/wp-json\/wp\/v2\/types\/page"}],"author":[{"embeddable":true,"href":"https:\/\/raiocheers.com.br\/index.php\/wp-json\/wp\/v2\/users\/1"}],"replies":[{"embeddable":true,"href":"https:\/\/raiocheers.com.br\/index.php\/wp-json\/wp\/v2\/comments?post=1142"}],"version-history":[{"count":6,"href":"https:\/\/raiocheers.com.br\/index.php\/wp-json\/wp\/v2\/pages\/1142\/revisions"}],"predecessor-version":[{"id":1148,"href":"https:\/\/raiocheers.com.br\/index.php\/wp-json\/wp\/v2\/pages\/1142\/revisions\/1148"}],"wp:attachment":[{"href":"https:\/\/raiocheers.com.br\/index.php\/wp-json\/wp\/v2\/media?parent=1142"}],"curies":[{"name":"wp","href":"https:\/\/api.w.org\/{rel}","templated":true}]}}